{"id":702,"date":"2024-11-28T07:32:07","date_gmt":"2024-11-28T07:32:07","guid":{"rendered":"https:\/\/retro-presszo.hu\/?page_id=702"},"modified":"2026-01-04T17:37:31","modified_gmt":"2026-01-04T17:37:31","slug":"desszertek","status":"publish","type":"page","link":"https:\/\/retro-presszo.hu\/?page_id=702","title":{"rendered":"Desszertek"},"content":{"rendered":"\n<h2>\u00d3ri\u00e1s palacsint\u00e1k<\/h2>\n\n\n\n<div class=\"wp-block-columns\">\n<div class=\"wp-block-column\" style=\"flex-basis:25%\">\n<p>Kaka\u00f3s<\/p>\n<\/div>\n\n\n\n<div class=\"wp-block-column\" style=\"flex-basis:50%\">\n<p>Kaka\u00f3val t\u00f6ltve, porcukor sz\u00f3r\u00e1ssal \u00e9s csoki \u00f6ntettel <\/p>\n<\/div>\n\n\n\n<div class=\"wp-block-column\" style=\"flex-basis:25%\">\n<p>700 Ft<\/p>\n<\/div>\n<\/div>\n\n\n\n<div class=\"wp-block-columns\">\n<div class=\"wp-block-column\" style=\"flex-basis:25%\">\n<p>Lekv\u00e1ros<\/p>\n<\/div>\n\n\n\n<div class=\"wp-block-column\" style=\"flex-basis:50%\">\n<p>Baracklekv\u00e1rral t\u00f6ltve, porcukor sz\u00f3r\u00e1ssal \u00e9s csoki \u00f6ntettel<\/p>\n<\/div>\n\n\n\n<div class=\"wp-block-column\" style=\"flex-basis:25%\">\n<p>700 Ft<\/p>\n<\/div>\n<\/div>\n\n\n\n<div class=\"wp-block-columns\">\n<div class=\"wp-block-column\" style=\"flex-basis:25%\">\n<p>Fah\u00e9jas-cukros<\/p>\n<\/div>\n\n\n\n<div class=\"wp-block-column\" style=\"flex-basis:50%\">\n<p>Fah\u00e9jas porcukorral t\u00f6ltve, porcukor sz\u00f3r\u00e1ssal \u00e9s csoki \u00f6ntettel<\/p>\n<\/div>\n\n\n\n<div class=\"wp-block-column\" style=\"flex-basis:25%\">\n<p>700 Ft<\/p>\n<\/div>\n<\/div>\n\n\n\n<div class=\"wp-block-columns\">\n<div class=\"wp-block-column\" style=\"flex-basis:25%\">\n<p>Nutell\u00e1s<\/p>\n<\/div>\n\n\n\n<div class=\"wp-block-column\" style=\"flex-basis:50%\">\n<p>Nutell\u00e1val t\u00f6ltve, porcukor sz\u00f3r\u00e1ssal, csoki \u00e9s m\u00e1lna \u00f6ntettel<\/p>\n<\/div>\n\n\n\n<div class=\"wp-block-column\" style=\"flex-basis:25%\">\n<p>800 Ft<\/p>\n<\/div>\n<\/div>\n\n\n\n<div class=\"wp-block-columns\">\n<div class=\"wp-block-column\" style=\"flex-basis:25%\">\n<p>Lekv\u00e1ros-Nutell\u00e1s<\/p>\n<\/div>\n\n\n\n<div class=\"wp-block-column\" style=\"flex-basis:50%\">\n<p>Nutell\u00e1val \u00e9s baracklekv\u00e1rral t\u00f6ltve, porcukor sz\u00f3r\u00e1ssal, csoki \u00e9s m\u00e1lna \u00f6ntettel<\/p>\n<\/div>\n\n\n\n<div class=\"wp-block-column\" style=\"flex-basis:25%\">\n<p>800 Ft<\/p>\n<\/div>\n<\/div>\n\n\n\n<div class=\"wp-block-columns\">\n<div class=\"wp-block-column\" style=\"flex-basis:25%\">\n<p>Maxi King<\/p>\n<\/div>\n\n\n\n<div class=\"wp-block-column\" style=\"flex-basis:50%\">\n<p>Nutell\u00e1val, t\u00f6rt mogyor\u00f3val \u00e9s karamellel, csoki \u00f6ntettel<\/p>\n<\/div>\n\n\n\n<div class=\"wp-block-column\" style=\"flex-basis:25%\">\n<p>950 Ft<\/p>\n<\/div>\n<\/div>\n\n\n\n<h2>L\u00e1vas\u00fcti<\/h2>\n\n\n\n<div class=\"wp-block-columns\">\n<div class=\"wp-block-column\" style=\"flex-basis:25%\">\n<p>Csokol\u00e1d\u00e9szufl\u00e9<\/p>\n<\/div>\n\n\n\n<div class=\"wp-block-column\" style=\"flex-basis:50%\">\n<p>Forr\u00f3 szufl\u00e9 van\u00edlia fagylalttal, gy\u00fcm\u00f6lccsel \u00e9s \u00e1fonya \u00f6ntettel<\/p>\n<\/div>\n\n\n\n<div class=\"wp-block-column\" style=\"flex-basis:25%\">\n<p>1790 Ft<\/p>\n<\/div>\n<\/div>\n\n\n\n<p><\/p>\n","protected":false},"excerpt":{"rendered":"<p>\u00d3ri\u00e1s palacsint\u00e1k Kaka\u00f3s Kaka\u00f3val t\u00f6ltve, porcukor sz\u00f3r\u00e1ssal \u00e9s csoki \u00f6ntettel 700 Ft Lekv\u00e1ros Baracklekv\u00e1rral t\u00f6ltve, porcukor sz\u00f3r\u00e1ssal \u00e9s&nbsp;&#8230;<\/p>\n","protected":false},"author":1,"featured_media":0,"parent":0,"menu_order":0,"comment_status":"closed","ping_status":"closed","template":"","meta":[],"yoast_head":"<!-- This site is optimized with the Yoast SEO plugin v16.2 - https:\/\/yoast.com\/wordpress\/plugins\/seo\/ -->\n<title>Desszertek - Retro Pressz\u00f3<\/title>\n<meta name=\"robots\" content=\"index, follow, max-snippet:-1, max-image-preview:large, max-video-preview:-1\" \/>\n<link rel=\"canonical\" href=\"https:\/\/retro-presszo.hu\/?page_id=702\" \/>\n<meta property=\"og:locale\" content=\"hu_HU\" \/>\n<meta property=\"og:type\" content=\"article\" \/>\n<meta property=\"og:title\" content=\"Desszertek - Retro Pressz\u00f3\" \/>\n<meta property=\"og:description\" content=\"\u00d3ri\u00e1s palacsint\u00e1k Kaka\u00f3s Kaka\u00f3val t\u00f6ltve, porcukor sz\u00f3r\u00e1ssal \u00e9s csoki \u00f6ntettel 700 Ft Lekv\u00e1ros Baracklekv\u00e1rral t\u00f6ltve, porcukor sz\u00f3r\u00e1ssal \u00e9s&nbsp;...\" \/>\n<meta property=\"og:url\" content=\"https:\/\/retro-presszo.hu\/?page_id=702\" \/>\n<meta property=\"og:site_name\" content=\"Retro Pressz\u00f3\" \/>\n<meta property=\"article:modified_time\" content=\"2026-01-04T17:37:31+00:00\" \/>\n<meta name=\"twitter:card\" content=\"summary_large_image\" \/>\n<meta name=\"twitter:label1\" content=\"Becs\u00fclt olvas\u00e1si id\u0151\">\n\t<meta name=\"twitter:data1\" content=\"1 perc\">\n<script type=\"application\/ld+json\" class=\"yoast-schema-graph\">{\"@context\":\"https:\/\/schema.org\",\"@graph\":[{\"@type\":\"WebSite\",\"@id\":\"https:\/\/retro-presszo.hu\/#website\",\"url\":\"https:\/\/retro-presszo.hu\/\",\"name\":\"Retro Pressz\\u00f3\",\"description\":\"K\\u00f6vesd az \\u00e1lmaidat...rendelj pizz\\u00e1t!\",\"potentialAction\":[{\"@type\":\"SearchAction\",\"target\":\"https:\/\/retro-presszo.hu\/?s={search_term_string}\",\"query-input\":\"required name=search_term_string\"}],\"inLanguage\":\"hu\"},{\"@type\":\"WebPage\",\"@id\":\"https:\/\/retro-presszo.hu\/?page_id=702#webpage\",\"url\":\"https:\/\/retro-presszo.hu\/?page_id=702\",\"name\":\"Desszertek - Retro Pressz\\u00f3\",\"isPartOf\":{\"@id\":\"https:\/\/retro-presszo.hu\/#website\"},\"datePublished\":\"2024-11-28T07:32:07+00:00\",\"dateModified\":\"2026-01-04T17:37:31+00:00\",\"breadcrumb\":{\"@id\":\"https:\/\/retro-presszo.hu\/?page_id=702#breadcrumb\"},\"inLanguage\":\"hu\",\"potentialAction\":[{\"@type\":\"ReadAction\",\"target\":[\"https:\/\/retro-presszo.hu\/?page_id=702\"]}]},{\"@type\":\"BreadcrumbList\",\"@id\":\"https:\/\/retro-presszo.hu\/?page_id=702#breadcrumb\",\"itemListElement\":[{\"@type\":\"ListItem\",\"position\":1,\"item\":{\"@type\":\"WebPage\",\"@id\":\"https:\/\/retro-presszo.hu\/\",\"url\":\"https:\/\/retro-presszo.hu\/\",\"name\":\"Kezd\\u0151lap\"}},{\"@type\":\"ListItem\",\"position\":2,\"item\":{\"@id\":\"https:\/\/retro-presszo.hu\/?page_id=702#webpage\"}}]}]}<\/script>\n<!-- \/ Yoast SEO plugin. -->","_links":{"self":[{"href":"https:\/\/retro-presszo.hu\/index.php?rest_route=\/wp\/v2\/pages\/702"}],"collection":[{"href":"https:\/\/retro-presszo.hu\/index.php?rest_route=\/wp\/v2\/pages"}],"about":[{"href":"https:\/\/retro-presszo.hu\/index.php?rest_route=\/wp\/v2\/types\/page"}],"author":[{"embeddable":true,"href":"https:\/\/retro-presszo.hu\/index.php?rest_route=\/wp\/v2\/users\/1"}],"replies":[{"embeddable":true,"href":"https:\/\/retro-presszo.hu\/index.php?rest_route=%2Fwp%2Fv2%2Fcomments&post=702"}],"version-history":[{"count":9,"href":"https:\/\/retro-presszo.hu\/index.php?rest_route=\/wp\/v2\/pages\/702\/revisions"}],"predecessor-version":[{"id":775,"href":"https:\/\/retro-presszo.hu\/index.php?rest_route=\/wp\/v2\/pages\/702\/revisions\/775"}],"wp:attachment":[{"href":"https:\/\/retro-presszo.hu\/index.php?rest_route=%2Fwp%2Fv2%2Fmedia&parent=702"}],"curies":[{"name":"wp","href":"https:\/\/api.w.org\/{rel}","templated":true}]}}