{"id":473,"date":"2020-06-22T12:13:15","date_gmt":"2020-06-22T12:13:15","guid":{"rendered":"https:\/\/retro-presszo.hu\/?page_id=473"},"modified":"2026-01-04T19:30:21","modified_gmt":"2026-01-04T19:30:21","slug":"salatak","status":"publish","type":"page","link":"https:\/\/retro-presszo.hu\/?page_id=473","title":{"rendered":"Sal\u00e1ta"},"content":{"rendered":"\n<h2>Sal\u00e1ta<\/h2>\n\n\n\n<div class=\"wp-block-columns\">\n<div class=\"wp-block-column\" style=\"flex-basis:25%\">\n<p>Tonhalas<\/p>\n<\/div>\n\n\n\n<div class=\"wp-block-column\" style=\"flex-basis:50%\">\n<p>Tonhal, toj\u00e1s, j\u00e9gsal\u00e1ta, paradicsom, cs\u00edp\u0151s z\u00f6ldpaprika, oliva bogy\u00f3, pir\u00edtott tortilla szeletek, olivaolaj, majon\u00e9z, egy csipet bors<\/p>\n<\/div>\n\n\n\n<div class=\"wp-block-column\" style=\"flex-basis:25%\">\n<p>2950 Ft<\/p>\n<\/div>\n<\/div>\n\n\n\n<div class=\"wp-block-columns\">\n<div class=\"wp-block-column\" style=\"flex-basis:25%\">\n<p>Csirk\u00e9s<\/p>\n<\/div>\n\n\n\n<div class=\"wp-block-column\" style=\"flex-basis:50%\">\n<p>Grillezett csirkemell, j\u00e9gsal\u00e1ta, paradicsom, rukkola, cheddar sajt, kukorica, pir\u00edtott csirke, olivaolaj, balzsamecet<\/p>\n<\/div>\n\n\n\n<div class=\"wp-block-column\" style=\"flex-basis:25%\">\n<p>2750 Ft<\/p>\n<\/div>\n<\/div>\n\n\n\n<div class=\"wp-block-columns\">\n<div class=\"wp-block-column\" style=\"flex-basis:25%\">\n<p>N\u00e9gysajtos<\/p>\n<\/div>\n\n\n\n<div class=\"wp-block-column\" style=\"flex-basis:50%\">\n<p>Friss sal\u00e1ta, f\u0151tt toj\u00e1s, camembert, f\u00fcst\u00f6lt sajt, mozarella, cheddar, di\u00f3, balzsamecet<\/p>\n<\/div>\n\n\n\n<div class=\"wp-block-column\" style=\"flex-basis:25%\">\n<p>2850 Ft<\/p>\n<\/div>\n<\/div>\n\n\n\n<div class=\"wp-block-columns\">\n<div class=\"wp-block-column\" style=\"flex-basis:25%\">\n<p>Caesar<\/p>\n<\/div>\n\n\n\n<div class=\"wp-block-column\" style=\"flex-basis:50%\">\n<p>Friss sal\u00e1ta, kruton, csirkemell, paradicsom, caesar \u00f6ntet, worcestersz\u00f3sz, parmez\u00e1n<\/p>\n<\/div>\n\n\n\n<div class=\"wp-block-column\" style=\"flex-basis:25%\">\n<p>2950 Ft<\/p>\n<\/div>\n<\/div>\n\n\n\n<div class=\"wp-block-columns\">\n<div class=\"wp-block-column\" style=\"flex-basis:25%\">\n<p>G\u00f6r\u00f6g<\/p>\n<\/div>\n\n\n\n<div class=\"wp-block-column\" style=\"flex-basis:50%\">\n<p>Paradicsom, uborka, lilahagyma, olivabogy\u00f3, feta, olivaolaj, oregano<\/p>\n<\/div>\n\n\n\n<div class=\"wp-block-column\" style=\"flex-basis:25%\">\n<p>3150 Ft<\/p>\n<\/div>\n<\/div>\n\n\n\n<div class=\"wp-block-columns\">\n<div class=\"wp-block-column\" style=\"flex-basis:25%\"><\/div>\n<\/div>\n","protected":false},"excerpt":{"rendered":"<p>Sal\u00e1ta Tonhalas Tonhal, toj\u00e1s, j\u00e9gsal\u00e1ta, paradicsom, cs\u00edp\u0151s z\u00f6ldpaprika, oliva bogy\u00f3, pir\u00edtott tortilla szeletek, olivaolaj, majon\u00e9z, egy csipet bors&nbsp;&#8230;<\/p>\n","protected":false},"author":1,"featured_media":0,"parent":0,"menu_order":0,"comment_status":"closed","ping_status":"closed","template":"","meta":[],"yoast_head":"<!-- This site is optimized with the Yoast SEO plugin v16.2 - https:\/\/yoast.com\/wordpress\/plugins\/seo\/ -->\n<title>Sal\u00e1ta - Retro Pressz\u00f3<\/title>\n<meta name=\"robots\" content=\"index, follow, max-snippet:-1, max-image-preview:large, max-video-preview:-1\" \/>\n<link rel=\"canonical\" href=\"https:\/\/retro-presszo.hu\/?page_id=473\" \/>\n<meta property=\"og:locale\" content=\"hu_HU\" \/>\n<meta property=\"og:type\" content=\"article\" \/>\n<meta property=\"og:title\" content=\"Sal\u00e1ta - Retro Pressz\u00f3\" \/>\n<meta property=\"og:description\" content=\"Sal\u00e1ta Tonhalas Tonhal, toj\u00e1s, j\u00e9gsal\u00e1ta, paradicsom, cs\u00edp\u0151s z\u00f6ldpaprika, oliva bogy\u00f3, pir\u00edtott tortilla szeletek, olivaolaj, majon\u00e9z, egy csipet bors&nbsp;...\" \/>\n<meta property=\"og:url\" content=\"https:\/\/retro-presszo.hu\/?page_id=473\" \/>\n<meta property=\"og:site_name\" content=\"Retro Pressz\u00f3\" \/>\n<meta property=\"article:modified_time\" content=\"2026-01-04T19:30:21+00:00\" \/>\n<meta name=\"twitter:card\" content=\"summary_large_image\" \/>\n<meta name=\"twitter:label1\" content=\"Becs\u00fclt olvas\u00e1si id\u0151\">\n\t<meta name=\"twitter:data1\" content=\"1 perc\">\n<script type=\"application\/ld+json\" class=\"yoast-schema-graph\">{\"@context\":\"https:\/\/schema.org\",\"@graph\":[{\"@type\":\"WebSite\",\"@id\":\"https:\/\/retro-presszo.hu\/#website\",\"url\":\"https:\/\/retro-presszo.hu\/\",\"name\":\"Retro Pressz\\u00f3\",\"description\":\"K\\u00f6vesd az \\u00e1lmaidat...rendelj pizz\\u00e1t!\",\"potentialAction\":[{\"@type\":\"SearchAction\",\"target\":\"https:\/\/retro-presszo.hu\/?s={search_term_string}\",\"query-input\":\"required name=search_term_string\"}],\"inLanguage\":\"hu\"},{\"@type\":\"WebPage\",\"@id\":\"https:\/\/retro-presszo.hu\/?page_id=473#webpage\",\"url\":\"https:\/\/retro-presszo.hu\/?page_id=473\",\"name\":\"Sal\\u00e1ta - Retro Pressz\\u00f3\",\"isPartOf\":{\"@id\":\"https:\/\/retro-presszo.hu\/#website\"},\"datePublished\":\"2020-06-22T12:13:15+00:00\",\"dateModified\":\"2026-01-04T19:30:21+00:00\",\"breadcrumb\":{\"@id\":\"https:\/\/retro-presszo.hu\/?page_id=473#breadcrumb\"},\"inLanguage\":\"hu\",\"potentialAction\":[{\"@type\":\"ReadAction\",\"target\":[\"https:\/\/retro-presszo.hu\/?page_id=473\"]}]},{\"@type\":\"BreadcrumbList\",\"@id\":\"https:\/\/retro-presszo.hu\/?page_id=473#breadcrumb\",\"itemListElement\":[{\"@type\":\"ListItem\",\"position\":1,\"item\":{\"@type\":\"WebPage\",\"@id\":\"https:\/\/retro-presszo.hu\/\",\"url\":\"https:\/\/retro-presszo.hu\/\",\"name\":\"Kezd\\u0151lap\"}},{\"@type\":\"ListItem\",\"position\":2,\"item\":{\"@id\":\"https:\/\/retro-presszo.hu\/?page_id=473#webpage\"}}]}]}<\/script>\n<!-- \/ Yoast SEO plugin. -->","_links":{"self":[{"href":"https:\/\/retro-presszo.hu\/index.php?rest_route=\/wp\/v2\/pages\/473"}],"collection":[{"href":"https:\/\/retro-presszo.hu\/index.php?rest_route=\/wp\/v2\/pages"}],"about":[{"href":"https:\/\/retro-presszo.hu\/index.php?rest_route=\/wp\/v2\/types\/page"}],"author":[{"embeddable":true,"href":"https:\/\/retro-presszo.hu\/index.php?rest_route=\/wp\/v2\/users\/1"}],"replies":[{"embeddable":true,"href":"https:\/\/retro-presszo.hu\/index.php?rest_route=%2Fwp%2Fv2%2Fcomments&post=473"}],"version-history":[{"count":14,"href":"https:\/\/retro-presszo.hu\/index.php?rest_route=\/wp\/v2\/pages\/473\/revisions"}],"predecessor-version":[{"id":785,"href":"https:\/\/retro-presszo.hu\/index.php?rest_route=\/wp\/v2\/pages\/473\/revisions\/785"}],"wp:attachment":[{"href":"https:\/\/retro-presszo.hu\/index.php?rest_route=%2Fwp%2Fv2%2Fmedia&parent=473"}],"curies":[{"name":"wp","href":"https:\/\/api.w.org\/{rel}","templated":true}]}}