{"id":470,"date":"2020-06-22T12:09:58","date_gmt":"2020-06-22T12:09:58","guid":{"rendered":"https:\/\/retro-presszo.hu\/?page_id=470"},"modified":"2026-01-04T17:35:41","modified_gmt":"2026-01-04T17:35:41","slug":"eloetelek","status":"publish","type":"page","link":"https:\/\/retro-presszo.hu\/?page_id=470","title":{"rendered":"El\u0151\u00e9tel"},"content":{"rendered":"\n<h2>El\u0151\u00e9tel<\/h2>\n\n\n\n<h4>(Csak helyben fogyaszt\u00e1sra!)<\/h4>\n\n\n\n<div class=\"wp-block-columns\">\n<div class=\"wp-block-column\" style=\"flex-basis:25%\">\n<p>Tortilla chips m\u00e1rtogat\u00f3ssal<\/p>\n<\/div>\n\n\n\n<div class=\"wp-block-column\" style=\"flex-basis:50%\">\n<p>Sajtos, cs\u00edp\u0151s, tejf\u00f6l\u00f6s, ajv\u00e1r vagy f\u0171szeres paradicsomos (v\u00e1laszt\u00e1sod alapj\u00e1n)<\/p>\n<\/div>\n\n\n\n<div class=\"wp-block-column\" style=\"flex-basis:25%\">\n<p>1490 Ft<\/p>\n<\/div>\n<\/div>\n\n\n\n<div class=\"wp-block-columns\">\n<div class=\"wp-block-column\" style=\"flex-basis:25%\">\n<p>H\u00e1zi toj\u00e1skr\u00e9m ropog\u00f3s pir\u00edt\u00f3ssal<\/p>\n<\/div>\n\n\n\n<div class=\"wp-block-column\" style=\"flex-basis:50%\">\n<p>Frissen, h\u00e1zilag k\u00e9sz\u00edtett toj\u00e1skr\u00e9m, ropog\u00f3s pir\u00edt\u00f3son t\u00e1lalva<\/p>\n<\/div>\n\n\n\n<div class=\"wp-block-column\" style=\"flex-basis:25%\">\n<p>1490 Ft<\/p>\n<\/div>\n<\/div>\n\n\n\n<div class=\"wp-block-columns\">\n<div class=\"wp-block-column\" style=\"flex-basis:25%\">\n<p>Pizzakeny\u00e9r m\u00e1rtogat\u00f3ssal<\/p>\n<\/div>\n\n\n\n<div class=\"wp-block-column\" style=\"flex-basis:50%\">\n<p>Fokhagym\u00e1s, oliva olajos, sajtos, cs\u00edp\u0151s, ajv\u00e1r, tejf\u00f6l\u00f6s vagy f\u0171szeres paradicsomos (v\u00e1laszt\u00e1sod alapj\u00e1n)<\/p>\n<\/div>\n\n\n\n<div class=\"wp-block-column\" style=\"flex-basis:25%\">\n<p>1690 Ft<\/p>\n<\/div>\n<\/div>\n\n\n\n<div class=\"wp-block-columns\">\n<div class=\"wp-block-column\" style=\"flex-basis:25%\">\n<p>Hermelin<\/p>\n<\/div>\n\n\n\n<div class=\"wp-block-column\" style=\"flex-basis:50%\">\n<p>F\u0171szeres olajban p\u00e1colt hermelin sajt, \u00e1fonya lekv\u00e1rral, ropog\u00f3s pizzakeny\u00e9rrel<\/p>\n<\/div>\n\n\n\n<div class=\"wp-block-column\" style=\"flex-basis:25%\">\n<p>2490 Ft<\/p>\n<\/div>\n<\/div>\n\n\n\n<div class=\"wp-block-columns\">\n<div class=\"wp-block-column\" style=\"flex-basis:25%\">\n<p>Panini<\/p>\n<\/div>\n\n\n\n<div class=\"wp-block-column\" style=\"flex-basis:50%\">\n<p>F\u00fcst\u00f6lt sonka, szal\u00e1mi, paradicsom, savany\u00fa uborka, cheddar, mozzarella, majon\u00e9z<br>Kisz\u00e1ll\u00edt\u00e1s min. 2 darabt\u00f3l.<\/p>\n<\/div>\n\n\n\n<div class=\"wp-block-column\" style=\"flex-basis:25%\">\n<p>1590 Ft<\/p>\n<\/div>\n<\/div>\n","protected":false},"excerpt":{"rendered":"<p>El\u0151\u00e9tel (Csak helyben fogyaszt\u00e1sra!) Tortilla chips m\u00e1rtogat\u00f3ssal Sajtos, cs\u00edp\u0151s, tejf\u00f6l\u00f6s, ajv\u00e1r vagy f\u0171szeres paradicsomos (v\u00e1laszt\u00e1sod alapj\u00e1n) 1490 Ft&nbsp;&#8230;<\/p>\n","protected":false},"author":1,"featured_media":0,"parent":0,"menu_order":0,"comment_status":"closed","ping_status":"closed","template":"","meta":[],"yoast_head":"<!-- This site is optimized with the Yoast SEO plugin v16.2 - https:\/\/yoast.com\/wordpress\/plugins\/seo\/ -->\n<title>El\u0151\u00e9tel - Retro Pressz\u00f3<\/title>\n<meta name=\"robots\" content=\"index, follow, max-snippet:-1, max-image-preview:large, max-video-preview:-1\" \/>\n<link rel=\"canonical\" href=\"https:\/\/retro-presszo.hu\/?page_id=470\" \/>\n<meta property=\"og:locale\" content=\"hu_HU\" \/>\n<meta property=\"og:type\" content=\"article\" \/>\n<meta property=\"og:title\" content=\"El\u0151\u00e9tel - Retro Pressz\u00f3\" \/>\n<meta property=\"og:description\" content=\"El\u0151\u00e9tel (Csak helyben fogyaszt\u00e1sra!) Tortilla chips m\u00e1rtogat\u00f3ssal Sajtos, cs\u00edp\u0151s, tejf\u00f6l\u00f6s, ajv\u00e1r vagy f\u0171szeres paradicsomos (v\u00e1laszt\u00e1sod alapj\u00e1n) 1490 Ft&nbsp;...\" \/>\n<meta property=\"og:url\" content=\"https:\/\/retro-presszo.hu\/?page_id=470\" \/>\n<meta property=\"og:site_name\" content=\"Retro Pressz\u00f3\" \/>\n<meta property=\"article:modified_time\" content=\"2026-01-04T17:35:41+00:00\" \/>\n<meta name=\"twitter:card\" content=\"summary_large_image\" \/>\n<meta name=\"twitter:label1\" content=\"Becs\u00fclt olvas\u00e1si id\u0151\">\n\t<meta name=\"twitter:data1\" content=\"1 perc\">\n<script type=\"application\/ld+json\" class=\"yoast-schema-graph\">{\"@context\":\"https:\/\/schema.org\",\"@graph\":[{\"@type\":\"WebSite\",\"@id\":\"https:\/\/retro-presszo.hu\/#website\",\"url\":\"https:\/\/retro-presszo.hu\/\",\"name\":\"Retro Pressz\\u00f3\",\"description\":\"K\\u00f6vesd az \\u00e1lmaidat...rendelj pizz\\u00e1t!\",\"potentialAction\":[{\"@type\":\"SearchAction\",\"target\":\"https:\/\/retro-presszo.hu\/?s={search_term_string}\",\"query-input\":\"required name=search_term_string\"}],\"inLanguage\":\"hu\"},{\"@type\":\"WebPage\",\"@id\":\"https:\/\/retro-presszo.hu\/?page_id=470#webpage\",\"url\":\"https:\/\/retro-presszo.hu\/?page_id=470\",\"name\":\"El\\u0151\\u00e9tel - Retro Pressz\\u00f3\",\"isPartOf\":{\"@id\":\"https:\/\/retro-presszo.hu\/#website\"},\"datePublished\":\"2020-06-22T12:09:58+00:00\",\"dateModified\":\"2026-01-04T17:35:41+00:00\",\"breadcrumb\":{\"@id\":\"https:\/\/retro-presszo.hu\/?page_id=470#breadcrumb\"},\"inLanguage\":\"hu\",\"potentialAction\":[{\"@type\":\"ReadAction\",\"target\":[\"https:\/\/retro-presszo.hu\/?page_id=470\"]}]},{\"@type\":\"BreadcrumbList\",\"@id\":\"https:\/\/retro-presszo.hu\/?page_id=470#breadcrumb\",\"itemListElement\":[{\"@type\":\"ListItem\",\"position\":1,\"item\":{\"@type\":\"WebPage\",\"@id\":\"https:\/\/retro-presszo.hu\/\",\"url\":\"https:\/\/retro-presszo.hu\/\",\"name\":\"Kezd\\u0151lap\"}},{\"@type\":\"ListItem\",\"position\":2,\"item\":{\"@id\":\"https:\/\/retro-presszo.hu\/?page_id=470#webpage\"}}]}]}<\/script>\n<!-- \/ Yoast SEO plugin. -->","_links":{"self":[{"href":"https:\/\/retro-presszo.hu\/index.php?rest_route=\/wp\/v2\/pages\/470"}],"collection":[{"href":"https:\/\/retro-presszo.hu\/index.php?rest_route=\/wp\/v2\/pages"}],"about":[{"href":"https:\/\/retro-presszo.hu\/index.php?rest_route=\/wp\/v2\/types\/page"}],"author":[{"embeddable":true,"href":"https:\/\/retro-presszo.hu\/index.php?rest_route=\/wp\/v2\/users\/1"}],"replies":[{"embeddable":true,"href":"https:\/\/retro-presszo.hu\/index.php?rest_route=%2Fwp%2Fv2%2Fcomments&post=470"}],"version-history":[{"count":13,"href":"https:\/\/retro-presszo.hu\/index.php?rest_route=\/wp\/v2\/pages\/470\/revisions"}],"predecessor-version":[{"id":773,"href":"https:\/\/retro-presszo.hu\/index.php?rest_route=\/wp\/v2\/pages\/470\/revisions\/773"}],"wp:attachment":[{"href":"https:\/\/retro-presszo.hu\/index.php?rest_route=%2Fwp%2Fv2%2Fmedia&parent=470"}],"curies":[{"name":"wp","href":"https:\/\/api.w.org\/{rel}","templated":true}]}}