{"id":458,"date":"2020-06-22T11:48:35","date_gmt":"2020-06-22T11:48:35","guid":{"rendered":"https:\/\/retro-presszo.hu\/?page_id=458"},"modified":"2025-06-11T05:03:39","modified_gmt":"2025-06-11T05:03:39","slug":"pizza-kifli","status":"publish","type":"page","link":"https:\/\/retro-presszo.hu\/?page_id=458","title":{"rendered":"Pizza kifli"},"content":{"rendered":"\n<h2>Pizza kifli<\/h2>\n\n\n\n<p>T\u00f6lt\u00f6tt, feltekert pizzat\u00e9szta kemenc\u00e9ben s\u00fctve<\/p>\n\n\n\n<div class=\"wp-block-columns\">\n<div class=\"wp-block-column\" style=\"flex-basis:25%\">\n<p>Olasz kifli<\/p>\n<\/div>\n\n\n\n<div class=\"wp-block-column\" style=\"flex-basis:50%\">\n<p>Paradicsom sz\u00f3sz, grillezett csirkemell cs\u00edkok, aszalt paradicsom, gomba, olivabogy\u00f3, sajt<\/p>\n<\/div>\n\n\n\n<div class=\"wp-block-column\" style=\"flex-basis:25%\">\n<p>3250 Ft<\/p>\n<\/div>\n<\/div>\n\n\n\n<div class=\"wp-block-columns\">\n<div class=\"wp-block-column\" style=\"flex-basis:25%\">\n<p>Sajtos kifli<\/p>\n<\/div>\n\n\n\n<div class=\"wp-block-column\" style=\"flex-basis:50%\">\n<p>Jalapenos sajtsz\u00f3sz, f\u0151tt f\u00fcst\u00f6lt tarja, f\u0171szeres csirkemell, paradicsom, sajt<\/p>\n<\/div>\n\n\n\n<div class=\"wp-block-column\" style=\"flex-basis:25%\">\n<p>3250 Ft<\/p>\n<\/div>\n<\/div>\n\n\n\n<div class=\"wp-block-columns\">\n<div class=\"wp-block-column\" style=\"flex-basis:25%\">\n<p>T\u00fczes bika kifli<\/p>\n<\/div>\n\n\n\n<div class=\"wp-block-column\" style=\"flex-basis:50%\">\n<p>Szecsu\u00e1ni sz\u00f3sz, sonka, szal\u00e1mi, er\u0151spaprika, lilahagyma, aszalt paradicsom, sajt<\/p>\n<\/div>\n\n\n\n<div class=\"wp-block-column\" style=\"flex-basis:25%\">\n<p>3250 Ft<\/p>\n<\/div>\n<\/div>\n\n\n\n<div class=\"wp-block-columns\">\n<div class=\"wp-block-column\" style=\"flex-basis:25%\">\n<p>G\u00f6r\u00f6g kifli<\/p>\n<\/div>\n\n\n\n<div class=\"wp-block-column\" style=\"flex-basis:50%\">\n<p>Fokhagym\u00e1s tejf\u00f6l\u00f6s sz\u00f3sz, kebab csirkemell, feta, kukorica, mozzarella, f\u00fcst\u00f6lt sajt<\/p>\n<\/div>\n\n\n\n<div class=\"wp-block-column\" style=\"flex-basis:25%\">\n<p>3450 Ft<\/p>\n<\/div>\n<\/div>\n\n\n\n<p><\/p>\n\n\n\n<p><\/p>\n","protected":false},"excerpt":{"rendered":"<p>Pizza kifli T\u00f6lt\u00f6tt, feltekert pizzat\u00e9szta kemenc\u00e9ben s\u00fctve Olasz kifli Paradicsom sz\u00f3sz, grillezett csirkemell cs\u00edkok, aszalt paradicsom, gomba, olivabogy\u00f3,&nbsp;&#8230;<\/p>\n","protected":false},"author":1,"featured_media":0,"parent":0,"menu_order":0,"comment_status":"closed","ping_status":"closed","template":"","meta":[],"yoast_head":"<!-- This site is optimized with the Yoast SEO plugin v16.2 - https:\/\/yoast.com\/wordpress\/plugins\/seo\/ -->\n<title>Pizza kifli - Retro Pressz\u00f3<\/title>\n<meta name=\"robots\" content=\"index, follow, max-snippet:-1, max-image-preview:large, max-video-preview:-1\" \/>\n<link rel=\"canonical\" href=\"https:\/\/retro-presszo.hu\/?page_id=458\" \/>\n<meta property=\"og:locale\" content=\"hu_HU\" \/>\n<meta property=\"og:type\" content=\"article\" \/>\n<meta property=\"og:title\" content=\"Pizza kifli - Retro Pressz\u00f3\" \/>\n<meta property=\"og:description\" content=\"Pizza kifli T\u00f6lt\u00f6tt, feltekert pizzat\u00e9szta kemenc\u00e9ben s\u00fctve Olasz kifli Paradicsom sz\u00f3sz, grillezett csirkemell cs\u00edkok, aszalt paradicsom, gomba, olivabogy\u00f3,&nbsp;...\" \/>\n<meta property=\"og:url\" content=\"https:\/\/retro-presszo.hu\/?page_id=458\" \/>\n<meta property=\"og:site_name\" content=\"Retro Pressz\u00f3\" \/>\n<meta property=\"article:modified_time\" content=\"2025-06-11T05:03:39+00:00\" \/>\n<meta name=\"twitter:card\" content=\"summary_large_image\" \/>\n<meta name=\"twitter:label1\" content=\"Becs\u00fclt olvas\u00e1si id\u0151\">\n\t<meta name=\"twitter:data1\" content=\"1 perc\">\n<script type=\"application\/ld+json\" class=\"yoast-schema-graph\">{\"@context\":\"https:\/\/schema.org\",\"@graph\":[{\"@type\":\"WebSite\",\"@id\":\"https:\/\/retro-presszo.hu\/#website\",\"url\":\"https:\/\/retro-presszo.hu\/\",\"name\":\"Retro Pressz\\u00f3\",\"description\":\"K\\u00f6vesd az \\u00e1lmaidat...rendelj pizz\\u00e1t!\",\"potentialAction\":[{\"@type\":\"SearchAction\",\"target\":\"https:\/\/retro-presszo.hu\/?s={search_term_string}\",\"query-input\":\"required name=search_term_string\"}],\"inLanguage\":\"hu\"},{\"@type\":\"WebPage\",\"@id\":\"https:\/\/retro-presszo.hu\/?page_id=458#webpage\",\"url\":\"https:\/\/retro-presszo.hu\/?page_id=458\",\"name\":\"Pizza kifli - Retro Pressz\\u00f3\",\"isPartOf\":{\"@id\":\"https:\/\/retro-presszo.hu\/#website\"},\"datePublished\":\"2020-06-22T11:48:35+00:00\",\"dateModified\":\"2025-06-11T05:03:39+00:00\",\"breadcrumb\":{\"@id\":\"https:\/\/retro-presszo.hu\/?page_id=458#breadcrumb\"},\"inLanguage\":\"hu\",\"potentialAction\":[{\"@type\":\"ReadAction\",\"target\":[\"https:\/\/retro-presszo.hu\/?page_id=458\"]}]},{\"@type\":\"BreadcrumbList\",\"@id\":\"https:\/\/retro-presszo.hu\/?page_id=458#breadcrumb\",\"itemListElement\":[{\"@type\":\"ListItem\",\"position\":1,\"item\":{\"@type\":\"WebPage\",\"@id\":\"https:\/\/retro-presszo.hu\/\",\"url\":\"https:\/\/retro-presszo.hu\/\",\"name\":\"Kezd\\u0151lap\"}},{\"@type\":\"ListItem\",\"position\":2,\"item\":{\"@id\":\"https:\/\/retro-presszo.hu\/?page_id=458#webpage\"}}]}]}<\/script>\n<!-- \/ Yoast SEO plugin. -->","_links":{"self":[{"href":"https:\/\/retro-presszo.hu\/index.php?rest_route=\/wp\/v2\/pages\/458"}],"collection":[{"href":"https:\/\/retro-presszo.hu\/index.php?rest_route=\/wp\/v2\/pages"}],"about":[{"href":"https:\/\/retro-presszo.hu\/index.php?rest_route=\/wp\/v2\/types\/page"}],"author":[{"embeddable":true,"href":"https:\/\/retro-presszo.hu\/index.php?rest_route=\/wp\/v2\/users\/1"}],"replies":[{"embeddable":true,"href":"https:\/\/retro-presszo.hu\/index.php?rest_route=%2Fwp%2Fv2%2Fcomments&post=458"}],"version-history":[{"count":12,"href":"https:\/\/retro-presszo.hu\/index.php?rest_route=\/wp\/v2\/pages\/458\/revisions"}],"predecessor-version":[{"id":742,"href":"https:\/\/retro-presszo.hu\/index.php?rest_route=\/wp\/v2\/pages\/458\/revisions\/742"}],"wp:attachment":[{"href":"https:\/\/retro-presszo.hu\/index.php?rest_route=%2Fwp%2Fv2%2Fmedia&parent=458"}],"curies":[{"name":"wp","href":"https:\/\/api.w.org\/{rel}","templated":true}]}}