{"id":387,"date":"2020-03-31T09:49:45","date_gmt":"2020-03-31T09:49:45","guid":{"rendered":"https:\/\/retro-presszo.hu\/?page_id=387"},"modified":"2026-01-04T19:36:11","modified_gmt":"2026-01-04T19:36:11","slug":"mexikoi-etelek","status":"publish","type":"page","link":"https:\/\/retro-presszo.hu\/?page_id=387","title":{"rendered":"Mexik\u00f3i \u00e9s mediterr\u00e1n \u00e9telek"},"content":{"rendered":"\n<h2>Mexik\u00f3i \u00e9s mediterr\u00e1n \u00e9telek<\/h2>\n\n\n\n<h4>Eg\u00e9szs\u00e9ges \u00e9telek tele friss z\u00f6lds\u00e9ggel \u00e9s csirkeh\u00fassal. Di\u00e9t\u00e1z\u00f3knak is ide\u00e1lis.<\/h4>\n\n\n\n<div class=\"wp-block-columns\">\n<div class=\"wp-block-column\" style=\"flex-basis:25%\">\n<p>Quesadilla<\/p>\n<\/div>\n\n\n\n<div class=\"wp-block-column\" style=\"flex-basis:50%\">\n<p>Pir\u00edtott tortilla lap, csirkeh\u00fas, bacon, lilahagyma, sajt, cheddar <\/p>\n\n\n\n<p>K\u00e9rhet\u0151 extra felt\u00e9t: kukorica, bab, toj\u00e1s, er\u0151s paprika, jalapeno 100 Ft\/db<\/p>\n\n\n\n<p>Cs\u00edp\u0151s vagy tejf\u00f6l\u00f6s m\u00e1rtogat\u00f3ssal! <\/p>\n<\/div>\n\n\n\n<div class=\"wp-block-column\" style=\"flex-basis:25%\">\n<p>2100 Ft<\/p>\n<\/div>\n<\/div>\n\n\n\n<div class=\"wp-block-columns\">\n<div class=\"wp-block-column\" style=\"flex-basis:25%\">\n<p>Burrito<\/p>\n<\/div>\n\n\n\n<div class=\"wp-block-column\" style=\"flex-basis:50%\">\n<p>Tortilla lap, pik\u00e1ns csirkeh\u00fas, tejf\u00f6l, paradicsom, lilahagyma, kukorica, bab, cs\u00edp\u0151s pepperoni, sajt<\/p>\n<\/div>\n\n\n\n<div class=\"wp-block-column\" style=\"flex-basis:25%\">\n<p>1950 Ft<\/p>\n<\/div>\n<\/div>\n\n\n\n<div class=\"wp-block-columns\">\n<div class=\"wp-block-column\" style=\"flex-basis:25%\">\n<p>Palacsinta Burrito<\/p>\n<\/div>\n\n\n\n<div class=\"wp-block-column\" style=\"flex-basis:50%\">\n<p>\u00d3ri\u00e1s palacsinta s\u00f3s t\u00f6ltel\u00e9kkel: tejf\u00f6l, sajt, pir\u00edtott bacon, kukorica, bab, hagyma, pir\u00edtott csirke, cs\u00edp\u0151s<\/p>\n<\/div>\n\n\n\n<div class=\"wp-block-column\" style=\"flex-basis:25%\">\n<p>1950 Ft<\/p>\n<\/div>\n<\/div>\n\n\n\n<div class=\"wp-block-columns\">\n<div class=\"wp-block-column\" style=\"flex-basis:25%\">\n<p>Rotolo<\/p>\n\n\n\n<p><br>Gyros pit\u00e1ban<\/p>\n\n\n\n<p><br><br>Gyros t\u00e1l<\/p>\n<\/div>\n\n\n\n<div class=\"wp-block-column\" style=\"flex-basis:50%\">\n<p>Tortilla lap, f\u0171szeres toj\u00e1skr\u00e9m, rukkola, f\u0151tt, f\u00fcst\u00f6lt tarja, paradicsom, bacon<\/p>\n\n\n\n<p>H\u00e1zilag k\u00e9sz\u00edtett pita, \u00f6ntet(joghurtos fokhagym\u00e1s sz\u00f3sz vagy cs\u00edp\u0151ssz\u00f3sz), gyros h\u00fas, hagyma, paradicsom, uborka, sal\u00e1ta, lilak\u00e1poszta<\/p>\n\n\n\n<p><br>Gyros h\u00fas, hagyma, paradicsom, uborka, sal\u00e1ta, v\u00f6r\u00f6sk\u00e1poszta, s\u00fcltburgonya, \u00f6ntet (joghurtos fokhagym\u00e1s sz\u00f3sz vagy cs\u00edp\u0151s sz\u00f3sz)<\/p>\n<\/div>\n\n\n\n<div class=\"wp-block-column\" style=\"flex-basis:25%\">\n<p>1750 Ft<\/p>\n\n\n\n<p><br>1750 Ft<\/p>\n\n\n\n<p><br><br>3450 Ft<\/p>\n<\/div>\n<\/div>\n\n\n\n<div class=\"wp-block-columns\">\n<div class=\"wp-block-column\" style=\"flex-basis:25%\">\n<p>Panini szendvics<\/p>\n<\/div>\n\n\n\n<div class=\"wp-block-column\" style=\"flex-basis:50%\">\n<p>Panini zsemle, sonka, szal\u00e1mi, paradicsom, savany\u00fa ubi, hagyma, cheddar, majon\u00e9z <\/p>\n<\/div>\n\n\n\n<div class=\"wp-block-column\" style=\"flex-basis:25%\">\n<p>1590 Ft<\/p>\n<\/div>\n<\/div>\n\n\n\n<p><\/p>\n","protected":false},"excerpt":{"rendered":"<p>Mexik\u00f3i \u00e9s mediterr\u00e1n \u00e9telek Eg\u00e9szs\u00e9ges \u00e9telek tele friss z\u00f6lds\u00e9ggel \u00e9s csirkeh\u00fassal. Di\u00e9t\u00e1z\u00f3knak is ide\u00e1lis. Quesadilla Pir\u00edtott tortilla lap,&nbsp;&#8230;<\/p>\n","protected":false},"author":1,"featured_media":491,"parent":0,"menu_order":0,"comment_status":"closed","ping_status":"closed","template":"","meta":[],"yoast_head":"<!-- This site is optimized with the Yoast SEO plugin v16.2 - https:\/\/yoast.com\/wordpress\/plugins\/seo\/ -->\n<title>Mexik\u00f3i \u00e9s mediterr\u00e1n \u00e9telek - Retro Pressz\u00f3<\/title>\n<meta name=\"robots\" content=\"index, follow, max-snippet:-1, max-image-preview:large, max-video-preview:-1\" \/>\n<link rel=\"canonical\" href=\"https:\/\/retro-presszo.hu\/?page_id=387\" \/>\n<meta property=\"og:locale\" content=\"hu_HU\" \/>\n<meta property=\"og:type\" content=\"article\" \/>\n<meta property=\"og:title\" content=\"Mexik\u00f3i \u00e9s mediterr\u00e1n \u00e9telek - Retro Pressz\u00f3\" \/>\n<meta property=\"og:description\" content=\"Mexik\u00f3i \u00e9s mediterr\u00e1n \u00e9telek Eg\u00e9szs\u00e9ges \u00e9telek tele friss z\u00f6lds\u00e9ggel \u00e9s csirkeh\u00fassal. Di\u00e9t\u00e1z\u00f3knak is ide\u00e1lis. Quesadilla Pir\u00edtott tortilla lap,&nbsp;...\" \/>\n<meta property=\"og:url\" content=\"https:\/\/retro-presszo.hu\/?page_id=387\" \/>\n<meta property=\"og:site_name\" content=\"Retro Pressz\u00f3\" \/>\n<meta property=\"article:modified_time\" content=\"2026-01-04T19:36:11+00:00\" \/>\n<meta property=\"og:image\" content=\"https:\/\/retro-presszo.hu\/wp-content\/uploads\/2020\/10\/mexiko-m\u00e1solata.jpg\" \/>\n\t<meta property=\"og:image:width\" content=\"940\" \/>\n\t<meta property=\"og:image:height\" content=\"788\" \/>\n<meta name=\"twitter:card\" content=\"summary_large_image\" \/>\n<meta name=\"twitter:label1\" content=\"Becs\u00fclt olvas\u00e1si id\u0151\">\n\t<meta name=\"twitter:data1\" content=\"1 perc\">\n<script type=\"application\/ld+json\" class=\"yoast-schema-graph\">{\"@context\":\"https:\/\/schema.org\",\"@graph\":[{\"@type\":\"WebSite\",\"@id\":\"https:\/\/retro-presszo.hu\/#website\",\"url\":\"https:\/\/retro-presszo.hu\/\",\"name\":\"Retro Pressz\\u00f3\",\"description\":\"K\\u00f6vesd az \\u00e1lmaidat...rendelj pizz\\u00e1t!\",\"potentialAction\":[{\"@type\":\"SearchAction\",\"target\":\"https:\/\/retro-presszo.hu\/?s={search_term_string}\",\"query-input\":\"required name=search_term_string\"}],\"inLanguage\":\"hu\"},{\"@type\":\"ImageObject\",\"@id\":\"https:\/\/retro-presszo.hu\/?page_id=387#primaryimage\",\"inLanguage\":\"hu\",\"url\":\"https:\/\/retro-presszo.hu\/wp-content\/uploads\/2020\/10\/mexiko-m\\u00e1solata.jpg\",\"contentUrl\":\"https:\/\/retro-presszo.hu\/wp-content\/uploads\/2020\/10\/mexiko-m\\u00e1solata.jpg\",\"width\":940,\"height\":788},{\"@type\":\"WebPage\",\"@id\":\"https:\/\/retro-presszo.hu\/?page_id=387#webpage\",\"url\":\"https:\/\/retro-presszo.hu\/?page_id=387\",\"name\":\"Mexik\\u00f3i \\u00e9s mediterr\\u00e1n \\u00e9telek - Retro Pressz\\u00f3\",\"isPartOf\":{\"@id\":\"https:\/\/retro-presszo.hu\/#website\"},\"primaryImageOfPage\":{\"@id\":\"https:\/\/retro-presszo.hu\/?page_id=387#primaryimage\"},\"datePublished\":\"2020-03-31T09:49:45+00:00\",\"dateModified\":\"2026-01-04T19:36:11+00:00\",\"breadcrumb\":{\"@id\":\"https:\/\/retro-presszo.hu\/?page_id=387#breadcrumb\"},\"inLanguage\":\"hu\",\"potentialAction\":[{\"@type\":\"ReadAction\",\"target\":[\"https:\/\/retro-presszo.hu\/?page_id=387\"]}]},{\"@type\":\"BreadcrumbList\",\"@id\":\"https:\/\/retro-presszo.hu\/?page_id=387#breadcrumb\",\"itemListElement\":[{\"@type\":\"ListItem\",\"position\":1,\"item\":{\"@type\":\"WebPage\",\"@id\":\"https:\/\/retro-presszo.hu\/\",\"url\":\"https:\/\/retro-presszo.hu\/\",\"name\":\"Kezd\\u0151lap\"}},{\"@type\":\"ListItem\",\"position\":2,\"item\":{\"@id\":\"https:\/\/retro-presszo.hu\/?page_id=387#webpage\"}}]}]}<\/script>\n<!-- \/ Yoast SEO plugin. -->","_links":{"self":[{"href":"https:\/\/retro-presszo.hu\/index.php?rest_route=\/wp\/v2\/pages\/387"}],"collection":[{"href":"https:\/\/retro-presszo.hu\/index.php?rest_route=\/wp\/v2\/pages"}],"about":[{"href":"https:\/\/retro-presszo.hu\/index.php?rest_route=\/wp\/v2\/types\/page"}],"author":[{"embeddable":true,"href":"https:\/\/retro-presszo.hu\/index.php?rest_route=\/wp\/v2\/users\/1"}],"replies":[{"embeddable":true,"href":"https:\/\/retro-presszo.hu\/index.php?rest_route=%2Fwp%2Fv2%2Fcomments&post=387"}],"version-history":[{"count":25,"href":"https:\/\/retro-presszo.hu\/index.php?rest_route=\/wp\/v2\/pages\/387\/revisions"}],"predecessor-version":[{"id":791,"href":"https:\/\/retro-presszo.hu\/index.php?rest_route=\/wp\/v2\/pages\/387\/revisions\/791"}],"wp:featuredmedia":[{"embeddable":true,"href":"https:\/\/retro-presszo.hu\/index.php?rest_route=\/wp\/v2\/media\/491"}],"wp:attachment":[{"href":"https:\/\/retro-presszo.hu\/index.php?rest_route=%2Fwp%2Fv2%2Fmedia&parent=387"}],"curies":[{"name":"wp","href":"https:\/\/api.w.org\/{rel}","templated":true}]}}