{"id":370,"date":"2020-02-18T22:03:35","date_gmt":"2020-02-18T22:03:35","guid":{"rendered":"https:\/\/retro-presszo.hu\/?page_id=370"},"modified":"2026-01-04T17:39:32","modified_gmt":"2026-01-04T17:39:32","slug":"hamburgerek","status":"publish","type":"page","link":"https:\/\/retro-presszo.hu\/?page_id=370","title":{"rendered":"K\u00e9zm\u0171ves burger"},"content":{"rendered":"\n<h2>K\u00e9zm\u0171ves burger<\/h2>\n\n\n<p>[vc_row 0=&#8221;&#8221;][vc_column][vc_separator][vc_column_text 0=&#8221;&#8221;]<\/p>\n\n\n<p>N\u00e1lunk a burgerk\u00e9sz\u00edt\u00e9s a liszttel, \u00e9leszt\u0151vel \u00e9s dar\u00e1lth\u00fassal kezd\u0151dik. Minden hamburger\u00fcnk saj\u00e1t k\u00e9sz\u00edt\u00e9s\u0171 buciban, saj\u00e1t h\u00faspog\u00e1cs\u00e1val k\u00e9sz\u00fcl a legjobb alapanyagokb\u00f3l. <\/p>\n\n\n\n<p class=\"has-text-align-right\">Csak burger* | Burger komb\u00f3**<\/p>\n\n\n\n<div class=\"wp-block-columns\">\n<div class=\"wp-block-column\" style=\"flex-basis:25%\">\n<p>Alap burger<\/p>\n<\/div>\n\n\n\n<div class=\"wp-block-column\" style=\"flex-basis:50%\">\n<p>Buci, marha h\u00faspog\u00e1csa, pir\u00edtott bacon, sal\u00e1ta, paradicsom, savany\u00fa uborka, h\u00e1zi savany\u00edtott hagyma, barbecue sz\u00f3sz<\/p>\n<\/div>\n\n\n\n<div class=\"wp-block-column\" style=\"flex-basis:25%\">\n<p>2950 Ft | 3850 Ft<\/p>\n<\/div>\n<\/div>\n\n\n\n<div class=\"wp-block-columns\">\n<div class=\"wp-block-column\" style=\"flex-basis:25%\">\n<p>Csirke burger<\/p>\n<\/div>\n\n\n\n<div class=\"wp-block-column\" style=\"flex-basis:50%\">\n<p>Buci, pir\u00edtott csirkemell, sal\u00e1ta, paradicsom, savany\u00fa uborka, h\u00e1zi savany\u00edtott hagyma, must\u00e1r, barbecue sz\u00f3sz<\/p>\n<\/div>\n\n\n\n<div class=\"wp-block-column\" style=\"flex-basis:25%\">\n<p>2950 Ft | 3850 Ft<\/p>\n<\/div>\n<\/div>\n\n\n\n<div class=\"wp-block-columns\">\n<div class=\"wp-block-column\" style=\"flex-basis:25%\">\n<p>Don Pipi burger<\/p>\n<\/div>\n\n\n\n<div class=\"wp-block-column\" style=\"flex-basis:50%\">\n<p>Buci, pir\u00edtott csirkemell, h\u00e1zi hagymalekv\u00e1r, rukkola, dijoni must\u00e1r<\/p>\n<\/div>\n\n\n\n<div class=\"wp-block-column\" style=\"flex-basis:25%\">\n<p>2950 Ft | 3850 Ft<\/p>\n<\/div>\n<\/div>\n\n\n\n<div class=\"wp-block-columns\">\n<div class=\"wp-block-column\" style=\"flex-basis:25%\">\n<p>Sajtburger<\/p>\n<\/div>\n\n\n\n<div class=\"wp-block-column\" style=\"flex-basis:50%\">\n<p>Buci, marha h\u00faspog\u00e1csa, sal\u00e1ta, paradicsom, savany\u00fa uborka, h\u00e1zi savany\u00edtott hagyma, barbecue sz\u00f3sz, cheddar, pir\u00edtott bacon<\/p>\n<\/div>\n\n\n\n<div class=\"wp-block-column\" style=\"flex-basis:25%\">\n<p>3150 Ft | 3950 Ft<\/p>\n<\/div>\n<\/div>\n\n\n\n<div class=\"wp-block-columns\">\n<div class=\"wp-block-column\" style=\"flex-basis:25%\">\n<p>Retro burger<\/p>\n<\/div>\n\n\n\n<div class=\"wp-block-column\" style=\"flex-basis:50%\">\n<p>Buci, marha h\u00faspog\u00e1csa, sal\u00e1ta, csalam\u00e1d\u00e9, nyers hagyma, barbecue sz\u00f3sz, cheddar, pir\u00edtott bacon<\/p>\n<\/div>\n\n\n\n<div class=\"wp-block-column\" style=\"flex-basis:25%\">\n<p>3250 Ft | 3950 Ft<\/p>\n<\/div>\n<\/div>\n\n\n\n<div class=\"wp-block-columns\">\n<div class=\"wp-block-column\" style=\"flex-basis:25%\">\n<p>Street burger<\/p>\n<\/div>\n\n\n\n<div class=\"wp-block-column\" style=\"flex-basis:50%\">\n<p>Buci, marha h\u00faspog\u00e1csa, h\u00e1zi hagymalekv\u00e1r, savany\u00fa uborka, barbecue sz\u00f3sz,  cheddar, pir\u00edtott bacon<\/p>\n<\/div>\n\n\n\n<div class=\"wp-block-column\" style=\"flex-basis:25%\">\n<p>3250 Ft | 3950 Ft<\/p>\n<\/div>\n<\/div>\n\n\n\n<div class=\"wp-block-columns\">\n<div class=\"wp-block-column\" style=\"flex-basis:25%\">\n<p>Pokol burger<\/p>\n<\/div>\n\n\n\n<div class=\"wp-block-column\" style=\"flex-basis:50%\">\n<p>Buci, marha h\u00faspog\u00e1csa,  pir\u00edtott bacon, sal\u00e1ta, h\u00e1zi hagymalekv\u00e1r, grillezett jalapeno, chipotle majon\u00e9z, f\u00fcst\u00f6lt sajt<\/p>\n<\/div>\n\n\n\n<div class=\"wp-block-column\" style=\"flex-basis:25%\">\n<p>3250 Ft | 3950 Ft<\/p>\n<\/div>\n<\/div>\n\n\n\n<div class=\"wp-block-columns\">\n<div class=\"wp-block-column\" style=\"flex-basis:25%\">\n<p>Tojgli burger<\/p>\n<\/div>\n\n\n\n<div class=\"wp-block-column\" style=\"flex-basis:50%\">\n<p>Buci, marha h\u00faspog\u00e1csa,  pir\u00edtott bacon, sal\u00e1ta, paradicsom, toj\u00e1s, pir\u00edtott hagymachips, barbecue, cheddar<\/p>\n<\/div>\n\n\n\n<div class=\"wp-block-column\" style=\"flex-basis:25%\">\n<p>3250 Ft | 3950 Ft<\/p>\n<\/div>\n<\/div>\n\n\n\n<div class=\"wp-block-columns\">\n<div class=\"wp-block-column\" style=\"flex-basis:25%\">\n<p>Paraszt burger<\/p>\n<\/div>\n\n\n\n<div class=\"wp-block-column\" style=\"flex-basis:50%\">\n<p>Buci, s\u00fclt szal\u00e1mi, sal\u00e1ta, karamelliz\u00e1lt lilahagyma, t\u00fck\u00f6rtoj\u00e1s, barbecue sz\u00f3sz, cheddar, bacon<\/p>\n<\/div>\n\n\n\n<div class=\"wp-block-column\" style=\"flex-basis:25%\">\n<p>2750 Ft | 3250 Ft<\/p>\n<\/div>\n<\/div>\n\n\n\n<div class=\"wp-block-columns\">\n<div class=\"wp-block-column\" style=\"flex-basis:25%\">\n<p>H\u00fasim\u00e1d\u00f3 burger<\/p>\n<\/div>\n\n\n\n<div class=\"wp-block-column\" style=\"flex-basis:50%\">\n<p>Buci, 2 db marha h\u00faspog\u00e1csa, dupla pir\u00edtott bacon, sal\u00e1ta, savany\u00fa uborka, nyers hagyma, barbecue sz\u00f3sz, dupla  cheddar<\/p>\n<\/div>\n\n\n\n<div class=\"wp-block-column\" style=\"flex-basis:25%\">\n<p>4150 Ft | 5150 Ft<\/p>\n<\/div>\n<\/div>\n\n\n\n<div class=\"wp-block-columns\">\n<div class=\"wp-block-column\" style=\"flex-basis:25%\">\n<p>Termin\u00e1tor burger<\/p>\n<\/div>\n\n\n\n<div class=\"wp-block-column\" style=\"flex-basis:50%\">\n<p>Buci, 3 db marha h\u00faspog\u00e1csa, tripla pir\u00edtott bacon, sal\u00e1ta, savany\u00fa uborka, nyers hagyma, barbecue sz\u00f3sz, dupla  cheddar<\/p>\n<\/div>\n\n\n\n<div class=\"wp-block-column\" style=\"flex-basis:25%\">\n<p>5150 Ft | 5850 Ft<\/p>\n<\/div>\n<\/div>\n\n\n\n<div class=\"wp-block-columns\">\n<div class=\"wp-block-column\" style=\"flex-basis:25%\">\n<p>S\u00fclt burgonya<\/p>\n<\/div>\n\n\n\n<div class=\"wp-block-column\" style=\"flex-basis:50%\">\n<p>F\u0171szeres steak burgonya (olaj n\u00e9lk\u00fcl s\u00fctve)<\/p>\n<\/div>\n\n\n\n<div class=\"wp-block-column\" style=\"flex-basis:25%\">\n<p>1100 Ft\/ 400 g<\/p>\n<\/div>\n<\/div>\n\n\n\n<p>*Burger: 15-18 dkg-os h\u00e1zilag k\u00e9sz\u00edtett buciban<\/p>\n\n\n\n<p>**Komb\u00f3: \u00e1ltalad v\u00e1lasztott sz\u00f3sszal (sajtos, cs\u00edp\u0151s, fokhagym\u00e1s, tejf\u00f6l\u00f6s vagy f\u0171szeres paradicsomos) \u00e9s 30 dkg s\u00fclt burgony\u00e1val<\/p>\n\n\n<p>[\/vc_column_text][\/vc_column][\/vc_row][vc_row][vc_column][\/vc_column][\/vc_row]<\/p>","protected":false},"excerpt":{"rendered":"<p>K\u00e9zm\u0171ves burger [vc_row 0=&#8221;&#8221;][vc_column][vc_separator][vc_column_text 0=&#8221;&#8221;] N\u00e1lunk a burgerk\u00e9sz\u00edt\u00e9s a liszttel, \u00e9leszt\u0151vel \u00e9s dar\u00e1lth\u00fassal kezd\u0151dik. Minden hamburger\u00fcnk saj\u00e1t k\u00e9sz\u00edt\u00e9s\u0171&nbsp;&#8230;<\/p>\n","protected":false},"author":1,"featured_media":0,"parent":0,"menu_order":0,"comment_status":"closed","ping_status":"closed","template":"","meta":[],"yoast_head":"<!-- This site is optimized with the Yoast SEO plugin v16.2 - https:\/\/yoast.com\/wordpress\/plugins\/seo\/ -->\n<title>K\u00e9zm\u0171ves burger - Retro Pressz\u00f3<\/title>\n<meta name=\"robots\" content=\"index, follow, max-snippet:-1, max-image-preview:large, max-video-preview:-1\" \/>\n<link rel=\"canonical\" href=\"https:\/\/retro-presszo.hu\/?page_id=370\" \/>\n<meta property=\"og:locale\" content=\"hu_HU\" \/>\n<meta property=\"og:type\" content=\"article\" \/>\n<meta property=\"og:title\" content=\"K\u00e9zm\u0171ves burger - Retro Pressz\u00f3\" \/>\n<meta property=\"og:description\" content=\"K\u00e9zm\u0171ves burger [vc_row 0=&#8221;&#8221;][vc_column][vc_separator][vc_column_text 0=&#8221;&#8221;] N\u00e1lunk a burgerk\u00e9sz\u00edt\u00e9s a liszttel, \u00e9leszt\u0151vel \u00e9s dar\u00e1lth\u00fassal kezd\u0151dik. Minden hamburger\u00fcnk saj\u00e1t k\u00e9sz\u00edt\u00e9s\u0171&nbsp;...\" \/>\n<meta property=\"og:url\" content=\"https:\/\/retro-presszo.hu\/?page_id=370\" \/>\n<meta property=\"og:site_name\" content=\"Retro Pressz\u00f3\" \/>\n<meta property=\"article:modified_time\" content=\"2026-01-04T17:39:32+00:00\" \/>\n<meta name=\"twitter:card\" content=\"summary_large_image\" \/>\n<meta name=\"twitter:label1\" content=\"Becs\u00fclt olvas\u00e1si id\u0151\">\n\t<meta name=\"twitter:data1\" content=\"2 perc\">\n<script type=\"application\/ld+json\" class=\"yoast-schema-graph\">{\"@context\":\"https:\/\/schema.org\",\"@graph\":[{\"@type\":\"WebSite\",\"@id\":\"https:\/\/retro-presszo.hu\/#website\",\"url\":\"https:\/\/retro-presszo.hu\/\",\"name\":\"Retro Pressz\\u00f3\",\"description\":\"K\\u00f6vesd az \\u00e1lmaidat...rendelj pizz\\u00e1t!\",\"potentialAction\":[{\"@type\":\"SearchAction\",\"target\":\"https:\/\/retro-presszo.hu\/?s={search_term_string}\",\"query-input\":\"required name=search_term_string\"}],\"inLanguage\":\"hu\"},{\"@type\":\"WebPage\",\"@id\":\"https:\/\/retro-presszo.hu\/?page_id=370#webpage\",\"url\":\"https:\/\/retro-presszo.hu\/?page_id=370\",\"name\":\"K\\u00e9zm\\u0171ves burger - Retro Pressz\\u00f3\",\"isPartOf\":{\"@id\":\"https:\/\/retro-presszo.hu\/#website\"},\"datePublished\":\"2020-02-18T22:03:35+00:00\",\"dateModified\":\"2026-01-04T17:39:32+00:00\",\"breadcrumb\":{\"@id\":\"https:\/\/retro-presszo.hu\/?page_id=370#breadcrumb\"},\"inLanguage\":\"hu\",\"potentialAction\":[{\"@type\":\"ReadAction\",\"target\":[\"https:\/\/retro-presszo.hu\/?page_id=370\"]}]},{\"@type\":\"BreadcrumbList\",\"@id\":\"https:\/\/retro-presszo.hu\/?page_id=370#breadcrumb\",\"itemListElement\":[{\"@type\":\"ListItem\",\"position\":1,\"item\":{\"@type\":\"WebPage\",\"@id\":\"https:\/\/retro-presszo.hu\/\",\"url\":\"https:\/\/retro-presszo.hu\/\",\"name\":\"Kezd\\u0151lap\"}},{\"@type\":\"ListItem\",\"position\":2,\"item\":{\"@id\":\"https:\/\/retro-presszo.hu\/?page_id=370#webpage\"}}]}]}<\/script>\n<!-- \/ Yoast SEO plugin. -->","_links":{"self":[{"href":"https:\/\/retro-presszo.hu\/index.php?rest_route=\/wp\/v2\/pages\/370"}],"collection":[{"href":"https:\/\/retro-presszo.hu\/index.php?rest_route=\/wp\/v2\/pages"}],"about":[{"href":"https:\/\/retro-presszo.hu\/index.php?rest_route=\/wp\/v2\/types\/page"}],"author":[{"embeddable":true,"href":"https:\/\/retro-presszo.hu\/index.php?rest_route=\/wp\/v2\/users\/1"}],"replies":[{"embeddable":true,"href":"https:\/\/retro-presszo.hu\/index.php?rest_route=%2Fwp%2Fv2%2Fcomments&post=370"}],"version-history":[{"count":34,"href":"https:\/\/retro-presszo.hu\/index.php?rest_route=\/wp\/v2\/pages\/370\/revisions"}],"predecessor-version":[{"id":777,"href":"https:\/\/retro-presszo.hu\/index.php?rest_route=\/wp\/v2\/pages\/370\/revisions\/777"}],"wp:attachment":[{"href":"https:\/\/retro-presszo.hu\/index.php?rest_route=%2Fwp%2Fv2%2Fmedia&parent=370"}],"curies":[{"name":"wp","href":"https:\/\/api.w.org\/{rel}","templated":true}]}}