{"id":18,"date":"2020-01-31T21:49:21","date_gmt":"2020-01-31T21:49:21","guid":{"rendered":"https:\/\/retro-presszo.hu\/?page_id=18"},"modified":"2024-01-31T09:48:01","modified_gmt":"2024-01-31T09:48:01","slug":"kapcsolat","status":"publish","type":"page","link":"https:\/\/retro-presszo.hu\/?page_id=18","title":{"rendered":"Kapcsolat"},"content":{"rendered":"<p>[vc_row 0=&#8221;&#8221;][vc_column 0=&#8221;&#8221;][vc_separator]<div class=\"icon-box style1 \"><i class=\"lnr  \" style=\"color:#303133; \"><\/i><div class=\"icon-box__title font-1\"><\/div><div class=\"icon-box__text\"><\/div><\/div>[\/vc_column][\/vc_row][vc_row 0=&#8221;&#8221;][vc_column 0=&#8221;&#8221;][vc_column_text 0=&#8221;&#8221;]<\/p>\n<h4 style=\"text-align: center;\">H\u00edvjatok minket rendel\u00e9setekkel: 06 72 672 256<\/h4>\n<h4 style=\"text-align: center;\">Vagy gyertek el hozz\u00e1nk: 7720 Zeng\u0151v\u00e1rkony, Arany J\u00e1nos utca 48.<\/h4>\n<h4 style=\"text-align: center;\"><\/h4>\n<p>[\/vc_column_text][vc_column_text 0=&#8221;&#8221;]<\/p>\n<h4 style=\"text-align: center;\">Nyitva tart\u00e1s:<\/h4>\n<p style=\"text-align: center;\">Vas\u00e1rnap-cs\u00fct\u00f6rt\u00f6k: 16:00 &#8211; 20:00<br \/>\nP\u00e9ntek-szombat: 16:00-20:30<\/p>\n<p style=\"text-align: center;\">\u00c9tlapunkat <a href=\"https:\/\/retro-presszo.hu\/\">ITT<\/a> tal\u00e1lod!<\/p>\n<p>[\/vc_column_text][vc_separator][\/vc_column][\/vc_row][vc_row 0=&#8221;&#8221;][vc_column 0=&#8221;&#8221;][vc_gmaps link=&#8221;#E-8_JTNDaWZyYW1lJTIwc3JjJTNEJTIyaHR0cHMlM0ElMkYlMkZ3d3cuZ29vZ2xlLmNvbSUyRm1hcHMlMkZlbWJlZCUzRnBiJTNEJTIxMW0xOCUyMTFtMTIlMjExbTMlMjExZDI3NjIuOTg3Nzc5NjU5NTQzMyUyMTJkMTguNDMwMjYzMzE1MDgxNDQlMjEzZDQ2LjE3MDg5ODk3OTExNTYwNiUyMTJtMyUyMTFmMCUyMTJmMCUyMTNmMCUyMTNtMiUyMTFpMTAyNCUyMTJpNzY4JTIxNGYxMy4xJTIxM20zJTIxMW0yJTIxMXMweDQ3NDJiOGM4YmU0NjNlODklMjUzQTB4NjQ1NzM5NWQ5NmUxYmU3OCUyMTJ6V21WdVo4V1Jkc09oY210dmJua3NJRUZ5WVc1NUlFckRvVzV2Y3lCMUxpQTBPQ3dnTnpjeU1DQk5ZV2Q1WVhKdmNuTjZ3NkZuJTIxNWUwJTIxM20yJTIxMXNodSUyMTJzZGUlMjE0djE1ODE4ODcxNjAyMDYlMjE1bTIlMjExc2h1JTIxMnNkZSUyMiUyMHdpZHRoJTNEJTIyNjAwJTIyJTIwaGVpZ2h0JTNEJTIyNDUwJTIyJTIwZnJhbWVib3JkZXIlM0QlMjIwJTIyJTIwc3R5bGUlM0QlMjJib3JkZXIlM0EwJTNCJTIyJTIwYWxsb3dmdWxsc2NyZWVuJTNEJTIyJTIyJTNFJTNDJTJGaWZyYW1lJTNF&#8221;][\/vc_column][\/vc_row]<\/p>\n","protected":false},"excerpt":{"rendered":"<p>[vc_row 0=&#8221;&#8221;][vc_column 0=&#8221;&#8221;][vc_separator][\/vc_column][\/vc_row][vc_row 0=&#8221;&#8221;][vc_column 0=&#8221;&#8221;][vc_column_text 0=&#8221;&#8221;] H\u00edvjatok minket rendel\u00e9setekkel: 06 72 672 256 Vagy gyertek el hozz\u00e1nk: 7720&nbsp;&#8230;<\/p>\n","protected":false},"author":1,"featured_media":0,"parent":0,"menu_order":0,"comment_status":"closed","ping_status":"closed","template":"","meta":[],"yoast_head":"<!-- This site is optimized with the Yoast SEO plugin v16.2 - https:\/\/yoast.com\/wordpress\/plugins\/seo\/ -->\n<title>Kapcsolat - Retro Pressz\u00f3<\/title>\n<meta name=\"description\" content=\"H\u00edvj minket a 06 72 672 256 sz\u00e1mon, \u00e9s rendelj pizz\u00e1t vagy k\u00e9zm\u0171ves hamburgert. Ingyenes sz\u00e1ll\u00edt\u00e1s P\u00e9csv\u00e1radra! Vagy gyere el hozz\u00e1nk hangulatos \u00e9tterm\u00fcnkbe Zeng\u0151v\u00e1rkonyba!\" \/>\n<meta name=\"robots\" content=\"index, follow, max-snippet:-1, max-image-preview:large, max-video-preview:-1\" \/>\n<link rel=\"canonical\" href=\"https:\/\/retro-presszo.hu\/?page_id=18\" \/>\n<meta property=\"og:locale\" content=\"hu_HU\" \/>\n<meta property=\"og:type\" content=\"article\" \/>\n<meta property=\"og:title\" content=\"Kapcsolat - Retro Pressz\u00f3\" \/>\n<meta property=\"og:description\" content=\"H\u00edvj minket a 06 72 672 256 sz\u00e1mon, \u00e9s rendelj pizz\u00e1t vagy k\u00e9zm\u0171ves hamburgert. Ingyenes sz\u00e1ll\u00edt\u00e1s P\u00e9csv\u00e1radra! Vagy gyere el hozz\u00e1nk hangulatos \u00e9tterm\u00fcnkbe Zeng\u0151v\u00e1rkonyba!\" \/>\n<meta property=\"og:url\" content=\"https:\/\/retro-presszo.hu\/?page_id=18\" \/>\n<meta property=\"og:site_name\" content=\"Retro Pressz\u00f3\" \/>\n<meta property=\"article:modified_time\" content=\"2024-01-31T09:48:01+00:00\" \/>\n<meta name=\"twitter:card\" content=\"summary_large_image\" \/>\n<meta name=\"twitter:label1\" content=\"Becs\u00fclt olvas\u00e1si id\u0151\">\n\t<meta name=\"twitter:data1\" content=\"1 perc\">\n<script type=\"application\/ld+json\" class=\"yoast-schema-graph\">{\"@context\":\"https:\/\/schema.org\",\"@graph\":[{\"@type\":\"WebSite\",\"@id\":\"https:\/\/retro-presszo.hu\/#website\",\"url\":\"https:\/\/retro-presszo.hu\/\",\"name\":\"Retro Pressz\\u00f3\",\"description\":\"K\\u00f6vesd az \\u00e1lmaidat...rendelj pizz\\u00e1t!\",\"potentialAction\":[{\"@type\":\"SearchAction\",\"target\":\"https:\/\/retro-presszo.hu\/?s={search_term_string}\",\"query-input\":\"required name=search_term_string\"}],\"inLanguage\":\"hu\"},{\"@type\":\"WebPage\",\"@id\":\"https:\/\/retro-presszo.hu\/?page_id=18#webpage\",\"url\":\"https:\/\/retro-presszo.hu\/?page_id=18\",\"name\":\"Kapcsolat - Retro Pressz\\u00f3\",\"isPartOf\":{\"@id\":\"https:\/\/retro-presszo.hu\/#website\"},\"datePublished\":\"2020-01-31T21:49:21+00:00\",\"dateModified\":\"2024-01-31T09:48:01+00:00\",\"description\":\"H\\u00edvj minket a 06 72 672 256 sz\\u00e1mon, \\u00e9s rendelj pizz\\u00e1t vagy k\\u00e9zm\\u0171ves hamburgert. Ingyenes sz\\u00e1ll\\u00edt\\u00e1s P\\u00e9csv\\u00e1radra! Vagy gyere el hozz\\u00e1nk hangulatos \\u00e9tterm\\u00fcnkbe Zeng\\u0151v\\u00e1rkonyba!\",\"breadcrumb\":{\"@id\":\"https:\/\/retro-presszo.hu\/?page_id=18#breadcrumb\"},\"inLanguage\":\"hu\",\"potentialAction\":[{\"@type\":\"ReadAction\",\"target\":[\"https:\/\/retro-presszo.hu\/?page_id=18\"]}]},{\"@type\":\"BreadcrumbList\",\"@id\":\"https:\/\/retro-presszo.hu\/?page_id=18#breadcrumb\",\"itemListElement\":[{\"@type\":\"ListItem\",\"position\":1,\"item\":{\"@type\":\"WebPage\",\"@id\":\"https:\/\/retro-presszo.hu\/\",\"url\":\"https:\/\/retro-presszo.hu\/\",\"name\":\"Kezd\\u0151lap\"}},{\"@type\":\"ListItem\",\"position\":2,\"item\":{\"@id\":\"https:\/\/retro-presszo.hu\/?page_id=18#webpage\"}}]}]}<\/script>\n<!-- \/ Yoast SEO plugin. -->","_links":{"self":[{"href":"https:\/\/retro-presszo.hu\/index.php?rest_route=\/wp\/v2\/pages\/18"}],"collection":[{"href":"https:\/\/retro-presszo.hu\/index.php?rest_route=\/wp\/v2\/pages"}],"about":[{"href":"https:\/\/retro-presszo.hu\/index.php?rest_route=\/wp\/v2\/types\/page"}],"author":[{"embeddable":true,"href":"https:\/\/retro-presszo.hu\/index.php?rest_route=\/wp\/v2\/users\/1"}],"replies":[{"embeddable":true,"href":"https:\/\/retro-presszo.hu\/index.php?rest_route=%2Fwp%2Fv2%2Fcomments&post=18"}],"version-history":[{"count":5,"href":"https:\/\/retro-presszo.hu\/index.php?rest_route=\/wp\/v2\/pages\/18\/revisions"}],"predecessor-version":[{"id":689,"href":"https:\/\/retro-presszo.hu\/index.php?rest_route=\/wp\/v2\/pages\/18\/revisions\/689"}],"wp:attachment":[{"href":"https:\/\/retro-presszo.hu\/index.php?rest_route=%2Fwp%2Fv2%2Fmedia&parent=18"}],"curies":[{"name":"wp","href":"https:\/\/api.w.org\/{rel}","templated":true}]}}