{"id":15,"date":"2020-01-31T21:47:39","date_gmt":"2020-01-31T21:47:39","guid":{"rendered":"https:\/\/retro-presszo.hu\/?page_id=15"},"modified":"2024-01-31T09:45:10","modified_gmt":"2024-01-31T09:45:10","slug":"pizza-hazhozszallitas","status":"publish","type":"page","link":"https:\/\/retro-presszo.hu\/?page_id=15","title":{"rendered":"H\u00e1zhozsz\u00e1ll\u00edt\u00e1s"},"content":{"rendered":"[vc_row 0=&#8221;&#8221;][vc_column][vc_column_text 0=&#8221;&#8221;]<p>[\/vc_column_text][\/vc_column][\/vc_row][vc_row][vc_column][vc_separator 0=&#8221;&#8221;][vc_column_text]<\/p>\n<h3 style=\"text-align: center;\">Ingyenes h\u00e1zhozsz\u00e1ll\u00edt\u00e1s Zeng\u0151v\u00e1rkony \u00e9s P\u00e9csv\u00e1rad ter\u00fclet\u00e9n.<\/h3>\n<h5 style=\"text-align: center;\">Messzebb is sz\u00e1ll\u00edtunk minimum rendel\u00e9si d\u00edj vagy kisz\u00e1ll\u00edt\u00e1si d\u00edj mellett. \u00c9rdekl\u0151d\u00e9s \u00e9s rendel\u00e9sfelv\u00e9tel telefonon: 06 72 672 256<\/h5>\n<h5 style=\"text-align: center;\"><\/h5>\n<p>[\/vc_column_text][vc_separator][vc_column_text 0=&#8221;&#8221;]<\/p>\n<h2><\/h2>\n<h2 style=\"text-align: center;\">Fizet\u00e9si m\u00f3dok<\/h2>\n<h4 style=\"text-align: center;\">A Retro Pressz\u00f3ban k\u00e9szp\u00e9nzen k\u00edv\u00fcl bankk\u00e1rty\u00e1val, MKB \u00e9s OTP Sz\u00e9p k\u00e1rty\u00e1val valamint Erzs\u00e9bet utalv\u00e1nnyal is fizethettek. Kisz\u00e1ll\u00edt\u00e1s eset\u00e9n a k\u00e1rty\u00e1s fizet\u00e9si ig\u00e9nyt a rendel\u00e9s lead\u00e1sakor jelezni kell!<\/h4>\n<p>[\/vc_column_text][vc_separator][\/vc_column][\/vc_row][vc_row 0=&#8221;&#8221;][vc_column][vc_column_text 0=&#8221;&#8221;]<\/p>\n\n\n\n<p>[\/vc_column_text][\/vc_column][\/vc_row][vc_row][vc_column]<div class=\"the1_logos\" style=\"text-align:center;\"><div><img width=\"269\" height=\"188\" src=\"https:\/\/retro-presszo.hu\/wp-content\/uploads\/2020\/02\/sz\u00e9pkotp.jpg\" class=\"attachment-large size-large\" alt=\"\" loading=\"lazy\" \/><\/div><div><img width=\"800\" height=\"631\" src=\"https:\/\/retro-presszo.hu\/wp-content\/uploads\/2020\/02\/mkbszep_elf_nagy.jpg\" class=\"attachment-large size-large\" alt=\"\" loading=\"lazy\" \/><\/div><div><img width=\"800\" height=\"381\" src=\"https:\/\/retro-presszo.hu\/wp-content\/uploads\/2020\/02\/Erzsebet-utalvany_logo_500px.jpg\" class=\"attachment-large size-large\" alt=\"\" loading=\"lazy\" \/><\/div><\/div>[\/vc_column][\/vc_row][vc_row][vc_column][vc_widget_sidebar sidebar_id=&#8221;page-sidebar&#8221;][\/vc_column][\/vc_row][vc_row 0=&#8221;&#8221;][vc_column][vc_column_text 0=&#8221;&#8221;]<\/p>\n[\/vc_column_text][\/vc_column][\/vc_row]","protected":false},"excerpt":{"rendered":"<p>[vc_row 0=&#8221;&#8221;][vc_column][vc_column_text 0=&#8221;&#8221;] [\/vc_column_text][\/vc_column][\/vc_row][vc_row][vc_column][\/vc_column][\/vc_row][vc_row][vc_column][vc_widget_sidebar sidebar_id=&#8221;page-sidebar&#8221;][\/vc_column][\/vc_row][vc_row 0=&#8221;&#8221;][vc_column][vc_column_text 0=&#8221;&#8221;] [\/vc_column_text][\/vc_column][\/vc_row]<\/p>\n","protected":false},"author":1,"featured_media":0,"parent":0,"menu_order":0,"comment_status":"closed","ping_status":"closed","template":"","meta":[],"yoast_head":"<!-- This site is optimized with the Yoast SEO plugin v16.2 - https:\/\/yoast.com\/wordpress\/plugins\/seo\/ -->\n<title>H\u00e1zhozsz\u00e1ll\u00edt\u00e1s - Retro Pressz\u00f3<\/title>\n<meta name=\"description\" content=\"Pizza, k\u00e9zm\u0171ves hamburger kisz\u00e1ll\u00edt\u00e1s P\u00e9csv\u00e1rad k\u00f6rny\u00e9k\u00e9n! Tel. 06 72 672 256 Nagy v\u00e1laszt\u00e9k, min\u0151s\u00e9gi alapanyagok, finom \u00e9telek.\" \/>\n<meta name=\"robots\" content=\"index, follow, max-snippet:-1, max-image-preview:large, max-video-preview:-1\" \/>\n<link rel=\"canonical\" href=\"https:\/\/retro-presszo.hu\/?page_id=15\" \/>\n<meta property=\"og:locale\" content=\"hu_HU\" \/>\n<meta property=\"og:type\" content=\"article\" \/>\n<meta property=\"og:title\" content=\"H\u00e1zhozsz\u00e1ll\u00edt\u00e1s - Retro Pressz\u00f3\" \/>\n<meta property=\"og:description\" content=\"Pizza, k\u00e9zm\u0171ves hamburger kisz\u00e1ll\u00edt\u00e1s P\u00e9csv\u00e1rad k\u00f6rny\u00e9k\u00e9n! Tel. 06 72 672 256 Nagy v\u00e1laszt\u00e9k, min\u0151s\u00e9gi alapanyagok, finom \u00e9telek.\" \/>\n<meta property=\"og:url\" content=\"https:\/\/retro-presszo.hu\/?page_id=15\" \/>\n<meta property=\"og:site_name\" content=\"Retro Pressz\u00f3\" \/>\n<meta property=\"article:modified_time\" content=\"2024-01-31T09:45:10+00:00\" \/>\n<meta name=\"twitter:card\" content=\"summary_large_image\" \/>\n<meta name=\"twitter:label1\" content=\"Becs\u00fclt olvas\u00e1si id\u0151\">\n\t<meta name=\"twitter:data1\" content=\"1 perc\">\n<script type=\"application\/ld+json\" class=\"yoast-schema-graph\">{\"@context\":\"https:\/\/schema.org\",\"@graph\":[{\"@type\":\"WebSite\",\"@id\":\"https:\/\/retro-presszo.hu\/#website\",\"url\":\"https:\/\/retro-presszo.hu\/\",\"name\":\"Retro Pressz\\u00f3\",\"description\":\"K\\u00f6vesd az \\u00e1lmaidat...rendelj pizz\\u00e1t!\",\"potentialAction\":[{\"@type\":\"SearchAction\",\"target\":\"https:\/\/retro-presszo.hu\/?s={search_term_string}\",\"query-input\":\"required name=search_term_string\"}],\"inLanguage\":\"hu\"},{\"@type\":\"WebPage\",\"@id\":\"https:\/\/retro-presszo.hu\/?page_id=15#webpage\",\"url\":\"https:\/\/retro-presszo.hu\/?page_id=15\",\"name\":\"H\\u00e1zhozsz\\u00e1ll\\u00edt\\u00e1s - Retro Pressz\\u00f3\",\"isPartOf\":{\"@id\":\"https:\/\/retro-presszo.hu\/#website\"},\"datePublished\":\"2020-01-31T21:47:39+00:00\",\"dateModified\":\"2024-01-31T09:45:10+00:00\",\"description\":\"Pizza, k\\u00e9zm\\u0171ves hamburger kisz\\u00e1ll\\u00edt\\u00e1s P\\u00e9csv\\u00e1rad k\\u00f6rny\\u00e9k\\u00e9n! Tel. 06 72 672 256 Nagy v\\u00e1laszt\\u00e9k, min\\u0151s\\u00e9gi alapanyagok, finom \\u00e9telek.\",\"breadcrumb\":{\"@id\":\"https:\/\/retro-presszo.hu\/?page_id=15#breadcrumb\"},\"inLanguage\":\"hu\",\"potentialAction\":[{\"@type\":\"ReadAction\",\"target\":[\"https:\/\/retro-presszo.hu\/?page_id=15\"]}]},{\"@type\":\"BreadcrumbList\",\"@id\":\"https:\/\/retro-presszo.hu\/?page_id=15#breadcrumb\",\"itemListElement\":[{\"@type\":\"ListItem\",\"position\":1,\"item\":{\"@type\":\"WebPage\",\"@id\":\"https:\/\/retro-presszo.hu\/\",\"url\":\"https:\/\/retro-presszo.hu\/\",\"name\":\"Kezd\\u0151lap\"}},{\"@type\":\"ListItem\",\"position\":2,\"item\":{\"@id\":\"https:\/\/retro-presszo.hu\/?page_id=15#webpage\"}}]}]}<\/script>\n<!-- \/ Yoast SEO plugin. -->","_links":{"self":[{"href":"https:\/\/retro-presszo.hu\/index.php?rest_route=\/wp\/v2\/pages\/15"}],"collection":[{"href":"https:\/\/retro-presszo.hu\/index.php?rest_route=\/wp\/v2\/pages"}],"about":[{"href":"https:\/\/retro-presszo.hu\/index.php?rest_route=\/wp\/v2\/types\/page"}],"author":[{"embeddable":true,"href":"https:\/\/retro-presszo.hu\/index.php?rest_route=\/wp\/v2\/users\/1"}],"replies":[{"embeddable":true,"href":"https:\/\/retro-presszo.hu\/index.php?rest_route=%2Fwp%2Fv2%2Fcomments&post=15"}],"version-history":[{"count":10,"href":"https:\/\/retro-presszo.hu\/index.php?rest_route=\/wp\/v2\/pages\/15\/revisions"}],"predecessor-version":[{"id":688,"href":"https:\/\/retro-presszo.hu\/index.php?rest_route=\/wp\/v2\/pages\/15\/revisions\/688"}],"wp:attachment":[{"href":"https:\/\/retro-presszo.hu\/index.php?rest_route=%2Fwp%2Fv2%2Fmedia&parent=15"}],"curies":[{"name":"wp","href":"https:\/\/api.w.org\/{rel}","templated":true}]}}